{"id":50,"date":"2018-10-08T13:15:59","date_gmt":"2018-10-08T13:15:59","guid":{"rendered":"http:\/\/incdmtm.ro\/optiprelcarb\/?page_id=50"},"modified":"2018-10-08T13:18:44","modified_gmt":"2018-10-08T13:18:44","slug":"parteneri","status":"publish","type":"page","link":"http:\/\/incdmtm.ro\/optiprelcarb\/parteneri\/","title":{"rendered":"Parteneri"},"content":{"rendered":"<p><strong>INCDMTM- Bucuresti<\/strong><\/p>\n<p><img loading=\"lazy\" decoding=\"async\" class=\"alignnone size-full wp-image-60\" src=\"http:\/\/incdmtm.ro\/optiprelcarb\/wp-content\/uploads\/2018\/10\/logo.png\" alt=\"\" width=\"103\" height=\"74\" \/><\/p>\n<p>INCDMTM este singurul institut na\u0163ional al c\u0103rui obiect de activitate \u00eel reprezint\u0103 mecatronica, un domeniu recent, cu mare grad de specializare \u015fi, acela\u015fi timp, interdisciplinar. INCDMTM desf\u0103\u015foar\u0103 o palet\u0103 larg\u0103 de activit\u0103\u0163i, menite s\u0103 asigure dezvoltarea acestei noi \u015ftiin\u0163e, dar \u015fi s\u0103 stimuleze progresul social.<\/p>\n<p>Activitatea INCDMTM se axeaz\u0103 pe trei mari direc\u0163ii:<\/p>\n<ul>\n<li><strong>Cercetare-Dezvoltare-Inovare:<\/strong><\/li>\n<\/ul>\n<ul>\n<li style=\"list-style-type: none;\">\n<ul>\n<li>realizarea de<strong>\u00a0echipamente \u015fi instala\u0163ii mecatronice inteligente de m\u0103surare pentru m\u0103rimi neelectrice<\/strong>\u00a0(presiuni, temperaturi, mase, for\u0163e, timp),\u00a0 \u00een special senzori \u015fi traductoare;<\/li>\n<li>dezvoltarea de\u00a0<strong>aparatur\u0103 inteligent\u0103 de laborator<\/strong>\u00a0(destinat\u0103 cercet\u0103rii \u015ftiin\u0163ifice); ex: echipamente de monitorizare din domeniul geofizic \u015fi seismologic;<\/li>\n<li>conceperea de\u00a0<strong>aparatur\u0103 medical\u0103 \u015fi biomedical\u0103<\/strong>, mai ales din domeniul proteticii, a imagisiticii medicale, a implantologiei dentare \u015fi a ortopediei;<\/li>\n<li>crearea de\u00a0<strong>aplica\u0163ii robotice \u015fi microrobotice<\/strong>; ex: robo\u0163i pirotehnici telecomanda\u0163i;<\/li>\n<li>elaborarea de\u00a0<strong>scule de mare productivitate<\/strong>, armate cu elemente dure \u015fi extradure;<\/li>\n<li>realizarea de\u00a0<strong>materiale noi, tehnologii de baz\u0103 \u015fi neconven\u0163ionale, standuri \u015fi utilaje specifice domeniului<\/strong>;<\/li>\n<li>ac\u0163iuni specifice procesului de\u00a0<strong>transfer tehnologic<\/strong>\u00a0\u015fi valorificare a rezultatelor cercet\u0103rii (Responsabile de aplicarea acestor m\u0103suri sunt cele trei compartimente cu statut special, constituite tocmai \u00een acest sens: Oficiul de Leg\u0103turi cu Industria, Oficiul Interregional de Inovare \u015fi Transfer Tehnologic Chi\u015fin\u0103u-Ia\u015fi-Bucure\u015fti \u015fi Centrul Releu de Transfer Tehnologic \u015fi Consultan\u0163\u0103.):\n<ul>\n<li>elaborarea de\u00a0<strong>strategii sectoriale, studii \u015fi sondaje de pia\u0163\u0103, studii de fezabilitate, studii de diagnoz\u0103 \u015fi prognoz\u0103, sinteze tehnico-\u015ftiin\u0163ifice<\/strong>;<\/li>\n<li>realizarea de\u00a0<strong>cercet\u0103ri privind evolu\u0163ia domeniului pe plan mondial<\/strong>;<\/li>\n<li>colaborarea la\u00a0<strong>elaborarea de standarde na\u0163ionale \u015fi de norme specifice domeniului, \u00een vederea alinierii la reglement\u0103rile interna\u0163ionale<\/strong>;<\/li>\n<li>participarea \u015fi organizarea de\u00a0<strong>expozi\u0163ii \u015fi manifest\u0103ri de profil<\/strong>\u00a0din \u0163ar\u0103 \u015fi din str\u0103in\u0103tate;<\/li>\n<li>editarea \u015fi supravegherea de\u00a0<strong>publica\u0163ii<\/strong>\u00a0din domeniu.<\/li>\n<\/ul>\n<\/li>\n<\/ul>\n<\/li>\n<\/ul>\n<ul>\n<li><strong>Asigurarea calit\u0103\u0163ii:<\/strong><\/li>\n<\/ul>\n<ul>\n<li style=\"list-style-type: none;\">\n<ul>\n<li>efectuarea de\u00a0<strong>cercet\u0103ri \u00een domeniul ingineriei calit\u0103\u0163ii<\/strong>;<\/li>\n<li>realizarea de\u00a0<strong>sisteme informatizate de control \u015fi asiguare a calit\u0103\u0163ii<\/strong>;<\/li>\n<li>oferirea de\u00a0<strong>consultan\u0163\u0103 pentru implementarea managementului calit\u0103\u0163ii \u00een unit\u0103\u0163i industriale<\/strong>;<\/li>\n<li>generarea de\u00a0<strong>tehnologii \u015fi proceduri pentru testarea \u015fi investigare de laborator \u015fi \u00een procesele de produc\u0163ie<\/strong>;<\/li>\n<li>elaborarea de\u00a0<strong>tehnici \u015fi metode dedicate cre\u015fterii competitivit\u0103\u0163ii \u015fi fiabilit\u0103\u0163ii produselor<\/strong>.<\/li>\n<\/ul>\n<\/li>\n<\/ul>\n<ul>\n<li><strong>Activit\u0103\u0163i conexe:<\/strong><\/li>\n<\/ul>\n<ul>\n<li style=\"list-style-type: none;\">\n<ul>\n<li>realizarea de\u00a0<strong>modele experimentale \u015fi prototipuri<\/strong><\/li>\n<li>prest\u0103ri de servicii \u015fi\u00a0<strong>service<\/strong>\u00a0pentru produse din profilul de activitate;<\/li>\n<li>realizarea de\u00a0<strong>soft-uri, prelucr\u0103ri de date, activit\u0103\u0163i de creare a bazelor de date<\/strong>;<\/li>\n<li><strong>formare \u015fi specializare profesional\u0103<\/strong>\u00a0pentru personalul propriu de cercetare-dezvoltare, incusiv cu studii medii, cursuri postuniversitare, conducere de doctorate \u00een domeniul mecanicii fine \u015fi a mecatronicii;<\/li>\n<li>oferirea de\u00a0<strong>consultan\u0163\u0103 \u015fi asisten\u0163\u0103 tehnic\u0103 de specialitate\u00a0<\/strong>agen\u0163ilor economici care solicit\u0103 aceste servicii;<\/li>\n<li><strong>certificare de produse \u015fi tehnologii \u015fi conceperea de rapoarte de calitate<\/strong><\/li>\n<\/ul>\n<\/li>\n<\/ul>\n<p><strong>SC Carmesin SA<\/strong><\/p>\n<p><img loading=\"lazy\" decoding=\"async\" class=\"alignnone size-full wp-image-61\" src=\"http:\/\/incdmtm.ro\/optiprelcarb\/wp-content\/uploads\/2018\/10\/sigla2.png\" alt=\"\" width=\"191\" height=\"84\" \/><\/p>\n<p>Societatea comerciala CARMESIN S.A. a fost infiintata in anul 1991, cand Departamentul de Carburi Metalice Sinterizate s-a desprins din cadrul Intreprinderii MECANICA FINA BUCURESTI.<\/p>\n<p>Activitatea principala a societatii este bazata pe productia si comercializarea unei game largi de placute si scule din Carburi Metalice Sinterizate.<br \/>\n&#8211; placute amovibile si brazabile<br \/>\n&#8211; filiere rotunde pentru trefilat sarma<br \/>\n&#8211; filiere pentru tras bara profilata<br \/>\n&#8211; matrite pentru presat suruburi si piulite<br \/>\n&#8211; matrite de extrudat<br \/>\n&#8211; scule placate cu carburi metalice sinterizate<br \/>\n&#8211; scule monobloc<br \/>\n&#8211; piese de uzura<br \/>\n&#8211; produse din carburi metalice sinterizate &#8211; conform proiectului clientului<\/p>\n<p>Produsele Societatii Comerciale CARMESIN S.A. satisfac cerintele unei game diverse de ramuri industriale: constructii de masini,\u00a0<a href=\"http:\/\/www.tocmeli.ro\/oferta\/piese-auto\/electronica-auto\">electronica<\/a>, extractiva, petroliera, lemn, metalurgie, chimie, textila, incaltaminte, medicamente, etc.<\/p>\n<p>&nbsp;<\/p>\n","protected":false},"excerpt":{"rendered":"<p>INCDMTM- Bucuresti INCDMTM este singurul institut na\u0163ional al c\u0103rui obiect de activitate \u00eel reprezint\u0103 mecatronica, un domeniu recent, cu mare grad de specializare \u015fi, acela\u015fi timp, interdisciplinar. INCDMTM desf\u0103\u015foar\u0103 o palet\u0103 larg\u0103 de activit\u0103\u0163i, menite s\u0103 asigure dezvoltarea acestei noi<\/p>\n","protected":false},"author":1,"featured_media":0,"parent":0,"menu_order":0,"comment_status":"closed","ping_status":"closed","template":"","meta":{"footnotes":""},"class_list":["post-50","page","type-page","status-publish","hentry"],"_links":{"self":[{"href":"http:\/\/incdmtm.ro\/optiprelcarb\/wp-json\/wp\/v2\/pages\/50","targetHints":{"allow":["GET"]}}],"collection":[{"href":"http:\/\/incdmtm.ro\/optiprelcarb\/wp-json\/wp\/v2\/pages"}],"about":[{"href":"http:\/\/incdmtm.ro\/optiprelcarb\/wp-json\/wp\/v2\/types\/page"}],"author":[{"embeddable":true,"href":"http:\/\/incdmtm.ro\/optiprelcarb\/wp-json\/wp\/v2\/users\/1"}],"replies":[{"embeddable":true,"href":"http:\/\/incdmtm.ro\/optiprelcarb\/wp-json\/wp\/v2\/comments?post=50"}],"version-history":[{"count":2,"href":"http:\/\/incdmtm.ro\/optiprelcarb\/wp-json\/wp\/v2\/pages\/50\/revisions"}],"predecessor-version":[{"id":66,"href":"http:\/\/incdmtm.ro\/optiprelcarb\/wp-json\/wp\/v2\/pages\/50\/revisions\/66"}],"wp:attachment":[{"href":"http:\/\/incdmtm.ro\/optiprelcarb\/wp-json\/wp\/v2\/media?parent=50"}],"curies":[{"name":"wp","href":"https:\/\/api.w.org\/{rel}","templated":true}]}}