{"id":26,"date":"2018-11-28T15:51:54","date_gmt":"2018-11-28T15:51:54","guid":{"rendered":"https:\/\/incdmtm.ro\/simoha\/?page_id=26"},"modified":"2018-11-28T15:51:54","modified_gmt":"2018-11-28T15:51:54","slug":"obiective-specifice","status":"publish","type":"page","link":"https:\/\/incdmtm.ro\/simoha\/obiective-specifice\/","title":{"rendered":"Obiective Specifice"},"content":{"rendered":"<ul>\n<li>elaborare documenta\u0163ie model experimental sistem;<\/li>\n<li>elaborare tehnologie de realizare modul generare for\u0163\u0103 de trac\u0163iune;<\/li>\n<li>elaborare tehnologie de realizare \/ adaptare senzor de \u00eenclina\u0163ie cu sistem wireless;<\/li>\n<li>elaborare program de \u00eencerc\u0103ri caiet de sarcini \u0219i manual de utilizare.<\/li>\n<\/ul>\n","protected":false},"excerpt":{"rendered":"<p>elaborare documenta\u0163ie model experimental sistem; elaborare tehnologie de realizare modul generare for\u0163\u0103 de trac\u0163iune; elaborare tehnologie de realizare \/ adaptare senzor de \u00eenclina\u0163ie cu sistem wireless; elaborare program de \u00eencerc\u0103ri caiet de sarcini \u0219i manual de utilizare.<\/p>\n","protected":false},"author":1,"featured_media":0,"parent":0,"menu_order":0,"comment_status":"closed","ping_status":"closed","template":"","meta":[],"_links":{"self":[{"href":"https:\/\/incdmtm.ro\/simoha\/wp-json\/wp\/v2\/pages\/26"}],"collection":[{"href":"https:\/\/incdmtm.ro\/simoha\/wp-json\/wp\/v2\/pages"}],"about":[{"href":"https:\/\/incdmtm.ro\/simoha\/wp-json\/wp\/v2\/types\/page"}],"author":[{"embeddable":true,"href":"https:\/\/incdmtm.ro\/simoha\/wp-json\/wp\/v2\/users\/1"}],"replies":[{"embeddable":true,"href":"https:\/\/incdmtm.ro\/simoha\/wp-json\/wp\/v2\/comments?post=26"}],"version-history":[{"count":1,"href":"https:\/\/incdmtm.ro\/simoha\/wp-json\/wp\/v2\/pages\/26\/revisions"}],"predecessor-version":[{"id":27,"href":"https:\/\/incdmtm.ro\/simoha\/wp-json\/wp\/v2\/pages\/26\/revisions\/27"}],"wp:attachment":[{"href":"https:\/\/incdmtm.ro\/simoha\/wp-json\/wp\/v2\/media?parent=26"}],"curies":[{"name":"wp","href":"https:\/\/api.w.org\/{rel}","templated":true}]}}