{"id":28,"date":"2018-11-28T15:52:50","date_gmt":"2018-11-28T15:52:50","guid":{"rendered":"https:\/\/incdmtm.ro\/simoha\/?page_id=28"},"modified":"2018-12-05T12:49:45","modified_gmt":"2018-12-05T12:49:45","slug":"rezultate-asteptate","status":"publish","type":"page","link":"https:\/\/incdmtm.ro\/simoha\/rezultate-asteptate\/","title":{"rendered":"Rezultate asteptate"},"content":{"rendered":"<p>Prin implementarea noului sistem inteligent, propus prin proiect, \u00een programul de fabrica\u021bie al SC TEHNOMED IMPEX CO SA se asigur\u0103 o diversificare \u0219i cre\u0219tere important\u0103 a nivelului produselor fabricate.<\/p>\n<p>De asemenea, prin obiectivele de cercetare abordate, proiectul propus este \u00een conformitate cu Strategia Na\u021bional\u0103 de Cercetare \u2013 Dezvoltare &#8211; Inovare, cu tematica Programului Na\u021bional de CDI III din Rom\u00e2nia inclusiv cu Strategia Regional\u0103 de Specializare Inteligent\u0103 aferent\u0103 Regiunii Bucure\u0219ti \u2013 Ilfov, din care face parte \u0219i SC TEHNOMED IMPEX CO SA.<\/p>\n<p><strong><em>Caracterul inovativ<\/em><\/strong> al sistemului propus prin proiect este asigurat de:<\/p>\n<ul>\n<li>utilizarea unui modul inovativ de generare controlat\u0103 \u0219i programabil\u0103 a for\u021bei de trac\u021biune, inclusiv de m\u0103surare \u00een domeniul 20-150 N, cu increment programabil de 0,1 N, ce permite blocarea \u0219i men\u021binerea for\u021bei de trac\u021biune prestabilite;<\/li>\n<li>asigurarea unui control permanent monitorizat a pozi\u021biei pacientului \u00een pat \/ scaun \/ c\u0103rucior handicap, etc.;<\/li>\n<li>software-ul dedicat sistemului are un grad semnificativ de originalitate, asigur\u00e2nd ac\u021bionarea, m\u0103surarea, contorizarea, alarmarea, stocarea \u0219i transmisia de date la cerin\u0163ele medicului;<\/li>\n<li>elaborarea documenta\u0163iei de execu\u0163ie \u00een construc\u0163ie modular tipizat\u0103 \u015fi flexibil\u0103 \u00een care fiecare din cele 3 subansamble componente pot fi utilizate \u015fi independent, ca produse de sine st\u0103t\u0103toare \u00een alte aplica\u0163ii clinice de trac\u0163iune.<\/li>\n<\/ul>\n<p><strong>Noutati:<\/strong><\/p>\n<p><a href=\"https:\/\/incdmtm.ro\/simoha\/wp-content\/uploads\/2018\/12\/Raport-stiintific-si-tehnic-SIMOHA.pdf\">Raport stiintific si tehnic SIMOHA<\/a><\/p>\n<p>Anexe raport:<\/p>\n<ul>\n<li><a href=\"https:\/\/incdmtm.ro\/simoha\/wp-content\/uploads\/2018\/12\/1.-Sistem-halo-tractiune-model-functional.pdf\">1. Sistem halo-tractiune &#8211; model functional<\/a><\/li>\n<li><a href=\"https:\/\/incdmtm.ro\/simoha\/wp-content\/uploads\/2018\/12\/2.-Placa-de-comanda-cu-microcontroller.pdf\">2. Placa de comanda cu microcontroller<\/a><\/li>\n<li><a href=\"https:\/\/incdmtm.ro\/simoha\/wp-content\/uploads\/2018\/12\/3.-Senzor-de-\u00eenclinare.pdf\">3. Senzor de \u00eenclinare<\/a><\/li>\n<\/ul>\n","protected":false},"excerpt":{"rendered":"<p>Prin implementarea noului sistem inteligent, propus prin proiect, \u00een programul de fabrica\u021bie al SC TEHNOMED IMPEX CO SA se asigur\u0103 o diversificare \u0219i cre\u0219tere important\u0103 a nivelului produselor fabricate. De asemenea, prin obiectivele de cercetare abordate, proiectul propus este \u00een<\/p>\n","protected":false},"author":1,"featured_media":0,"parent":0,"menu_order":0,"comment_status":"closed","ping_status":"closed","template":"","meta":[],"_links":{"self":[{"href":"https:\/\/incdmtm.ro\/simoha\/wp-json\/wp\/v2\/pages\/28"}],"collection":[{"href":"https:\/\/incdmtm.ro\/simoha\/wp-json\/wp\/v2\/pages"}],"about":[{"href":"https:\/\/incdmtm.ro\/simoha\/wp-json\/wp\/v2\/types\/page"}],"author":[{"embeddable":true,"href":"https:\/\/incdmtm.ro\/simoha\/wp-json\/wp\/v2\/users\/1"}],"replies":[{"embeddable":true,"href":"https:\/\/incdmtm.ro\/simoha\/wp-json\/wp\/v2\/comments?post=28"}],"version-history":[{"count":3,"href":"https:\/\/incdmtm.ro\/simoha\/wp-json\/wp\/v2\/pages\/28\/revisions"}],"predecessor-version":[{"id":53,"href":"https:\/\/incdmtm.ro\/simoha\/wp-json\/wp\/v2\/pages\/28\/revisions\/53"}],"wp:attachment":[{"href":"https:\/\/incdmtm.ro\/simoha\/wp-json\/wp\/v2\/media?parent=28"}],"curies":[{"name":"wp","href":"https:\/\/api.w.org\/{rel}","templated":true}]}}