{"id":30,"date":"2018-11-28T15:53:29","date_gmt":"2018-11-28T15:53:29","guid":{"rendered":"https:\/\/incdmtm.ro\/simoha\/?page_id=30"},"modified":"2018-11-28T15:53:29","modified_gmt":"2018-11-28T15:53:29","slug":"rezultate-estimate","status":"publish","type":"page","link":"https:\/\/incdmtm.ro\/simoha\/rezultate-estimate\/","title":{"rendered":"Rezultate estimate"},"content":{"rendered":"<p>\u00cenc\u0103 din faza de elaborare a cererii de finan\u021bare, INCDMTM Bucure\u0219ti \u0219i SC TEHNOMED IMPEX CO SA, au efectuat at\u00e2t o testare a pie\u021bei interne c\u00e2t \u0219i o analiz\u0103 a riscurilor asociate, legate de implementarea \u00een fabrica\u021bie a rezultatelor prezentului proiect.<\/p>\n<p><strong><em>Avantaje ale sistemului:<\/em><\/strong><\/p>\n<ul>\n<li>siguran\u0163a ridicat\u0103 privind \u00eencadrarea \u015fi men\u0163inerea valorilor stabilite pentru for\u0163a de trac\u0163iune c\u00e2t \u015fi asupra pozi\u0163iei optime a pacientului;<\/li>\n<li>reducerea timpului de instalare \u015fi flexibilitate ridicat\u0103 \u2013 care permit montarea \/ demontarea rapid\u0103 a sistemului at\u00e2t pe cadrul paturilor medicale polifunc\u0163ionale c\u00e2t \u015fi pe sistemele de deplasare pacien\u0163i (cadru portabil, scaun\/c\u0103rucior handicap) asigur\u00e2ndu-se \u00een permanen\u0163\u0103, indiferent de pozi\u0163ia pacientului, p\u0103strarea constant\u0103 a for\u0163ei de halo-trac\u0163iune. De asemenea, lipsa greut\u0103\u0163ilor, care trebuiau transportate \u015fi amplasate, u\u015fureaz\u0103 munca personalului medical contribuind la cre\u0219terea eficien\u0163ei actului medical cu efecte pozitive \u0219i asupra st\u0103rii calit\u0103\u021bii vie\u021bii pacientului.<\/li>\n<\/ul>\n<p><strong><em>Rezultate de interes economic:<\/em><\/strong><\/p>\n<ul>\n<li>cre\u0219terea cifrei de afaceri cu 5 \u2013 5,7 % ;<\/li>\n<li>cre\u0219terea nivelului dezvolt\u0103rii tehnologice \u0219i a competitivit\u0103\u021bii pe pia\u021ba intern\u0103 \u0219i extern\u0103;<\/li>\n<li>crearea a 3-4 noi locuri de munc\u0103;<\/li>\n<li>cre\u0219terea vizibilit\u0103\u021bii pe pia\u021ba intern\u0103 cu 2,2 \u2013 2,5%.<\/li>\n<\/ul>\n","protected":false},"excerpt":{"rendered":"<p>\u00cenc\u0103 din faza de elaborare a cererii de finan\u021bare, INCDMTM Bucure\u0219ti \u0219i SC TEHNOMED IMPEX CO SA, au efectuat at\u00e2t o testare a pie\u021bei interne c\u00e2t \u0219i o analiz\u0103 a riscurilor asociate, legate de implementarea \u00een fabrica\u021bie a rezultatelor prezentului<\/p>\n","protected":false},"author":1,"featured_media":0,"parent":0,"menu_order":0,"comment_status":"closed","ping_status":"closed","template":"","meta":[],"_links":{"self":[{"href":"https:\/\/incdmtm.ro\/simoha\/wp-json\/wp\/v2\/pages\/30"}],"collection":[{"href":"https:\/\/incdmtm.ro\/simoha\/wp-json\/wp\/v2\/pages"}],"about":[{"href":"https:\/\/incdmtm.ro\/simoha\/wp-json\/wp\/v2\/types\/page"}],"author":[{"embeddable":true,"href":"https:\/\/incdmtm.ro\/simoha\/wp-json\/wp\/v2\/users\/1"}],"replies":[{"embeddable":true,"href":"https:\/\/incdmtm.ro\/simoha\/wp-json\/wp\/v2\/comments?post=30"}],"version-history":[{"count":1,"href":"https:\/\/incdmtm.ro\/simoha\/wp-json\/wp\/v2\/pages\/30\/revisions"}],"predecessor-version":[{"id":31,"href":"https:\/\/incdmtm.ro\/simoha\/wp-json\/wp\/v2\/pages\/30\/revisions\/31"}],"wp:attachment":[{"href":"https:\/\/incdmtm.ro\/simoha\/wp-json\/wp\/v2\/media?parent=30"}],"curies":[{"name":"wp","href":"https:\/\/api.w.org\/{rel}","templated":true}]}}