{"id":32,"date":"2018-11-28T15:54:23","date_gmt":"2018-11-28T15:54:23","guid":{"rendered":"https:\/\/incdmtm.ro\/simoha\/?page_id=32"},"modified":"2018-11-28T16:05:16","modified_gmt":"2018-11-28T16:05:16","slug":"etape-proiect","status":"publish","type":"page","link":"https:\/\/incdmtm.ro\/simoha\/etape-proiect\/","title":{"rendered":"Etape proiect"},"content":{"rendered":"<p>Proiectul este conceput a fi realizat \u00eentr-o singur\u0103 etap\u0103, durata lui desf\u0103\u0219ur\u00e2ndu-se \u00een ultimile 5 luni ale anului 2018.<\/p>\n<p>Etapa va cuprinde elaborarea documenta\u021bie model experimental pentru\u00a0 \u201c<em>Sistem inteligent pentru ac\u021bionarea, controlul, monitorizarea for\u021belor de trac\u021biune \u0219i a pozi\u021biei pacientului \u00een procedurile clinice de halo &#8211; trac\u021biune<\/em>\u201d, un memoriu de prezentare, documenta\u021bie model experimental sistem, caiet de sarcini, tehnologie de realizare unitate de ac\u021bionare; program de \u00eencerc\u0103ri; manual de utilizare (sistem \u015fi module componente).<\/p>\n","protected":false},"excerpt":{"rendered":"<p>Proiectul este conceput a fi realizat \u00eentr-o singur\u0103 etap\u0103, durata lui desf\u0103\u0219ur\u00e2ndu-se \u00een ultimile 5 luni ale anului 2018. Etapa va cuprinde elaborarea documenta\u021bie model experimental pentru\u00a0 \u201cSistem inteligent pentru ac\u021bionarea, controlul, monitorizarea for\u021belor de trac\u021biune \u0219i a pozi\u021biei pacientului<\/p>\n","protected":false},"author":1,"featured_media":0,"parent":0,"menu_order":0,"comment_status":"closed","ping_status":"closed","template":"","meta":[],"_links":{"self":[{"href":"https:\/\/incdmtm.ro\/simoha\/wp-json\/wp\/v2\/pages\/32"}],"collection":[{"href":"https:\/\/incdmtm.ro\/simoha\/wp-json\/wp\/v2\/pages"}],"about":[{"href":"https:\/\/incdmtm.ro\/simoha\/wp-json\/wp\/v2\/types\/page"}],"author":[{"embeddable":true,"href":"https:\/\/incdmtm.ro\/simoha\/wp-json\/wp\/v2\/users\/1"}],"replies":[{"embeddable":true,"href":"https:\/\/incdmtm.ro\/simoha\/wp-json\/wp\/v2\/comments?post=32"}],"version-history":[{"count":1,"href":"https:\/\/incdmtm.ro\/simoha\/wp-json\/wp\/v2\/pages\/32\/revisions"}],"predecessor-version":[{"id":33,"href":"https:\/\/incdmtm.ro\/simoha\/wp-json\/wp\/v2\/pages\/32\/revisions\/33"}],"wp:attachment":[{"href":"https:\/\/incdmtm.ro\/simoha\/wp-json\/wp\/v2\/media?parent=32"}],"curies":[{"name":"wp","href":"https:\/\/api.w.org\/{rel}","templated":true}]}}