{"id":7,"date":"2018-11-28T15:38:02","date_gmt":"2018-11-28T15:38:02","guid":{"rendered":"https:\/\/incdmtm.ro\/simoha\/?page_id=7"},"modified":"2018-12-05T12:50:14","modified_gmt":"2018-12-05T12:50:14","slug":"about","status":"publish","type":"page","link":"https:\/\/incdmtm.ro\/simoha\/","title":{"rendered":"Acasa"},"content":{"rendered":"<table width=\"724\">\n<tbody>\n<tr>\n<td width=\"195\"><em>Proiect:<\/em><\/td>\n<td width=\"529\"><strong>SISTEM\u00a0 INTELIGENT PENTRU AC\u021aIONAREA, CONTROLUL, MONITORIZAREA FOR\u021aELOR DE TRAC\u021aIUNE \u0218I A POZI\u021aIEI PACIENTULUI \u00ceN PROCEDURILE CLINICE DE HALO &#8211; TRAC\u021aIUNE \u2013 Acronim SIMOHA<\/strong><\/td>\n<\/tr>\n<tr>\n<td width=\"195\"><em>Program:<\/em><\/td>\n<td width=\"529\"><strong>PNCDI III \u2013 2018<\/strong><\/p>\n<p><strong>\u00a0<\/strong><\/td>\n<\/tr>\n<tr>\n<td width=\"195\"><em>Coordonator program:<\/em><\/td>\n<td width=\"529\"><strong>UEFISCDI<\/strong><\/p>\n<p><strong>\u00a0<\/strong><\/td>\n<\/tr>\n<tr>\n<td width=\"195\"><em>Programul 2:\u00a0 <\/em><\/td>\n<td width=\"529\"><strong>Cre\u0219terea competitivit\u0103\u021bii economiei rom\u00e2ne\u0219ti prin cercetare, dezvoltare \u0219i inovare<\/strong><\/td>\n<\/tr>\n<tr>\n<td width=\"195\"><em>Subprogramul 2.1.:<\/em><\/td>\n<td width=\"529\"><strong>Competitivitate prin cercetare, dezvoltare \u0219i inovare, \u201dCecuri de inovare\u201d<\/strong><\/td>\n<\/tr>\n<tr>\n<td width=\"195\"><em>Contract:<\/em><\/td>\n<td width=\"529\"><strong>211CI \/ 2018<\/strong><\/td>\n<\/tr>\n<tr>\n<td width=\"195\"><em>Durata:<\/em><\/td>\n<td width=\"529\"><strong>5 luni<\/strong><\/td>\n<\/tr>\n<tr>\n<td width=\"195\"><em>Beneficiar:<\/em><\/td>\n<td width=\"529\"><strong>S.C. TEHNOMED IMPEX CO S.A. <\/strong><\/td>\n<\/tr>\n<tr>\n<td width=\"195\"><em>Furnizor de servicii:<\/em><\/td>\n<td width=\"529\"><strong>INCDMTM Bucure\u0219ti<\/strong><\/td>\n<\/tr>\n<\/tbody>\n<\/table>\n<p>&nbsp;<\/p>\n<p><strong>Prezentare<\/strong><\/p>\n<p>\u00cen prezent, \u00een multe clinici de specialitate din \u0163ar\u0103, sistemele de trac\u0163iune, inclusiv cele de halo-trac\u0163iune, au multiple variante constructive care depind de specializarea \u015fi metodele clinice ale medicului specialist, de procedurile proprii clinicii spitalului, fiind \u00een corelare \u015fi cu cerin\u0163ele specifice cazului clinic, st\u0103rii generale, v\u00e2rstei, dimensiunilor antropometrice \u015fi greut\u0103\u0163ii pacientului.<\/p>\n<p>Halo-trac\u021biunea este o procedur\u0103 clinic\u0103, apar\u0163in\u00e2nd domeniului general de trac\u0163iune-suspensie, utilizat cu prec\u0103dere \u00een ortopedie-traumatologie \u015fi neurologie. Acest procedeu implic\u0103 men\u0163inerea capului \u0219i zonei cervicale a unui pacient \u00eentr-o pozi\u021bie bine determinat\u0103 sub ac\u021biunea unei for\u021be de trac\u021biune extern\u0103.<\/p>\n<p>Se utilizeaz\u0103 la pacien\u021bii copii sau persoane mature, dup\u0103 accidente, opera\u021bii la nivelul g\u00e2tului, etc.<\/p>\n<p>De asemenea, se utilizeaz\u0103 la pacien\u021bii copii pentru reducerea unghiului de curbur\u0103 a coloanei vertebrale \u00een cazuistica de tip scolioz\u0103 congenital\u0103 sau idiopatic\u0103.<\/p>\n<p>SC TEHNOMED IMPEX CO SA are preocup\u0103ri permanente pentru dezvoltarea \u0219i punerea \u00een fabrica\u021bie de noi aparate \u0219i sisteme medicale \u015fi dore\u0219te s\u0103 implementeze \u00een fabrica\u021bie un nou produs, reprezentat de \u201cSistem inteligent pentru ac\u021bionarea, controlul, monitorizarea for\u021belor de trac\u021biune \u0219i a pozi\u021biei pacientului \u00een procedurile clinice de halo-trac\u021biune\u201d.<\/p>\n<p>\u00cen prezent, pe plan international, se eviden\u0163iaz\u0103 urm\u0103toarele tendin\u0163e \u00een domeniul sistemelor de halo &#8211; trac\u021biune: optimizarea constructiv\u0103 a sistemelor \u0219i a greut\u0103\u021bilor mobile utilizate pentru crearea for\u021bei de trac\u021biune, miniaturizarea componentelor utilizate, flexibilitatea sistemelor func\u021bie de tipul\u00a0 structurii de tratament. S<\/p>\n<p>Sistemul propus prin proiect r\u0103spunde acestor tendin\u0163e \u015fi va fi un sistem portabil, inteligent, u\u0219or adaptabil \u015fi cuplabil cu principalele structuri de tratament \u0219i deplasare ale pacien\u021bilor, existente \u00een prezent \u00een multe spitale din \u021bar\u0103, respectiv: paturile medicale multifunc\u021bionale; cadrele mobile pentru sus\u0163inere pacient la deplasare\u00a0 \u0219i scaunele\/c\u0103rucioarele handicap.<\/p>\n<p><em>Sistemul inteligent pentru ac\u021bionarea, controlul, monitorizarea for\u021belor de trac\u021biune \u0219i a pozi\u021biei pacientului \u00een procedurile clinice de halo &#8211; trac\u021biune<\/em> se compune din:<\/p>\n<ul>\n<li>unitate de ac\u021bionare, control, monitorizare for\u021b\u0103 de trac\u021biune \u0219i pozi\u021bie pacient care con\u021bine \u015fi cablu de trac\u0163iune;<\/li>\n<li>dispozitiv de fixare unitate de ac\u0163ionare;<\/li>\n<li>senzor de pozi\u021bie pacient &#8211; tip \u00eenclinometru.<\/li>\n<li>software dedicat, dezvoltat \u00eentr-o concep\u021bie inovativ\u0103, care va asigura func\u021bionarea unit\u0103\u021bii de ac\u021bionare \u0219i preluarea datelor de la senzorii de pozi\u0163ie pacient.<\/li>\n<\/ul>\n<p><strong><em>Principalele caracteristici tehnico-func\u0163ionale ale sistemului<\/em><\/strong>:<\/p>\n<ul>\n<li>domeniul for\u0163ei de trac\u0163iune generate: (2\u00f715) kg \/ (20\u00f7150) N;<\/li>\n<li>increment de programare for\u0163\u0103 de trac\u0163iune: 0,1 Kg \/ 1N;<\/li>\n<li>precizia de m\u0103surare a for\u0163ei de trac\u0163iune: 0,1% (0,15 N) din valoarea maxim\u0103 de 150 N;<\/li>\n<li>domeniul de m\u0103surare \u00eenclinare: (0\u00f790)<sup>0<\/sup> \u00een dou\u0103 plane;<\/li>\n<li>precizia de m\u0103surare \u00eenclinare: \u00b1 1<sup>0<\/sup>;<\/li>\n<li>timp programabil de men\u0163inere (prin blocare) a for\u0163ei programate: \u00eentre 1 \u015fi 48 ore cu programare u\u0219oar\u0103;<\/li>\n<li>alimentare: 220 V\/50 Hz \u2013 12 Vcc;<\/li>\n<li>autonomie acumulatori: minim 15 ore;<\/li>\n<li>grad de protec\u0163ie: IP50;<\/li>\n<li>software dedicat de ac\u0163ionare, m\u0103surare, achizi\u0163ie, stocare \u015fi transmisie date, compatibil cu sistemele de operare WINDOWS ( sau echivalent) de ultim\u0103 genera\u021bie;<\/li>\n<\/ul>\n<p><strong>Noutati:<\/strong><\/p>\n<p><a href=\"https:\/\/incdmtm.ro\/simoha\/wp-content\/uploads\/2018\/12\/Raport-stiintific-si-tehnic-SIMOHA.pdf\">Raport stiintific si tehnic SIMOHA<\/a><\/p>\n<p>Anexe raport:<\/p>\n<ul>\n<li><a href=\"https:\/\/incdmtm.ro\/simoha\/wp-content\/uploads\/2018\/12\/1.-Sistem-halo-tractiune-model-functional.pdf\">1. Sistem halo-tractiune &#8211; model functional<\/a><\/li>\n<li><a href=\"https:\/\/incdmtm.ro\/simoha\/wp-content\/uploads\/2018\/12\/2.-Placa-de-comanda-cu-microcontroller.pdf\">2. Placa de comanda cu microcontroller<\/a><\/li>\n<li><a href=\"https:\/\/incdmtm.ro\/simoha\/wp-content\/uploads\/2018\/12\/3.-Senzor-de-\u00eenclinare.pdf\">3. Senzor de \u00eenclinare<\/a><\/li>\n<\/ul>\n<p>&nbsp;<\/p>\n<p>&nbsp;<\/p>\n","protected":false},"excerpt":{"rendered":"<p>Proiect: SISTEM\u00a0 INTELIGENT PENTRU AC\u021aIONAREA, CONTROLUL, MONITORIZAREA FOR\u021aELOR DE TRAC\u021aIUNE \u0218I A POZI\u021aIEI PACIENTULUI \u00ceN PROCEDURILE CLINICE DE HALO &#8211; TRAC\u021aIUNE \u2013 Acronim SIMOHA Program: PNCDI III \u2013 2018 \u00a0 Coordonator program: UEFISCDI \u00a0 Programul 2:\u00a0 Cre\u0219terea competitivit\u0103\u021bii economiei rom\u00e2ne\u0219ti<\/p>\n","protected":false},"author":1,"featured_media":0,"parent":0,"menu_order":0,"comment_status":"closed","ping_status":"closed","template":"","meta":[],"_links":{"self":[{"href":"https:\/\/incdmtm.ro\/simoha\/wp-json\/wp\/v2\/pages\/7"}],"collection":[{"href":"https:\/\/incdmtm.ro\/simoha\/wp-json\/wp\/v2\/pages"}],"about":[{"href":"https:\/\/incdmtm.ro\/simoha\/wp-json\/wp\/v2\/types\/page"}],"author":[{"embeddable":true,"href":"https:\/\/incdmtm.ro\/simoha\/wp-json\/wp\/v2\/users\/1"}],"replies":[{"embeddable":true,"href":"https:\/\/incdmtm.ro\/simoha\/wp-json\/wp\/v2\/comments?post=7"}],"version-history":[{"count":5,"href":"https:\/\/incdmtm.ro\/simoha\/wp-json\/wp\/v2\/pages\/7\/revisions"}],"predecessor-version":[{"id":22,"href":"https:\/\/incdmtm.ro\/simoha\/wp-json\/wp\/v2\/pages\/7\/revisions\/22"}],"wp:attachment":[{"href":"https:\/\/incdmtm.ro\/simoha\/wp-json\/wp\/v2\/media?parent=7"}],"curies":[{"name":"wp","href":"https:\/\/api.w.org\/{rel}","templated":true}]}}