{"id":169,"date":"2018-11-29T12:30:00","date_gmt":"2018-11-29T12:30:00","guid":{"rendered":"http:\/\/www.incdmtm.ro\/siramand\/?page_id=169"},"modified":"2018-12-21T13:10:52","modified_gmt":"2018-12-21T13:10:52","slug":"prezentare","status":"publish","type":"page","link":"https:\/\/incdmtm.ro\/siramand\/","title":{"rendered":"Prezentare"},"content":{"rendered":"<p><strong>PROIECT COMPLEX SIRAMAND<\/strong><\/p>\n<p><strong>SISTEME ROBOTICE AUTONOME PENTRU MANAGEMENTUL DE\u0218EURILOR \u00ceN CONTEXTUL ORA\u0218ULUI INTELIGENT<\/strong><strong> &#8211; SIRAMAND<\/strong><\/p>\n<p><strong>\u00a0<\/strong><\/p>\n<p><strong>Prezentare<\/strong><\/p>\n<p><strong>\u00a0<\/strong><\/p>\n<p>Scopul proiectului complex este de a consolida competen\u021bele \u0219tiin\u021bifice, tehnice \u0219i abilit\u0103\u021bile de colaborare deja existente \u00eentre partenerii consor\u021biului provenind din medii de cercetare diferite \u00een cadrul unei tematici de mare actualitate, \u0219i anume managementul de\u0219eurilor l\u0103sate \u00een spa\u021biile publice, cum ar fi parcuri, str\u0103zi sau trotuare. De\u0219i accentul se pune pe educarea popula\u021biei \u00een sensul trierii voluntare a de\u0219eurilor \u00een containere pentru plastic, metal, sticl\u0103, h\u00e2rtie \/ carton, se constat\u0103 \u00eens\u0103 c\u0103 \u0219i \u00een cele mai evoluate societ\u0103\u021bi nu a disp\u0103rut necesitatea de a ridica zilnic astfel de de\u0219euri, utiliz\u00e2nd un mare num\u0103r de lucr\u0103tori de salubritate.<\/p>\n<p>Proiectul SIRAMAND \u00ee\u0219i propune s\u0103 furnizeze solu\u021bii robotizate de colectare \u0219i sortare pentru diferite tipuri de de\u0219euri, corespunz\u0103tor evolu\u021biilor anticipate ale conceptului de ora\u0219 inteligent. Dat\u0103 fiind complexitatea problematicii abordate, s-a stabilit un consor\u021biu format din trei entit\u0103\u021bi de cercetare cu expertiz\u0103 complementar\u0103, care vor coordona fiecare c\u00e2te un proiect component, av\u00e2nd ca scop solu\u021bionarea unui segment al acesteia. Prin reunirea \u00een final a rezultatelor ob\u021binute se estimeaz\u0103 acoperirea \u00eentr-o m\u0103sur\u0103 semnificativ\u0103 a necesit\u0103\u021bilor tematicii abordate. Mai precis, INCD pentru Mecatronic\u0103 \u0219i Tehnica M\u0103sur\u0103rii va coordona un proiect de colectare a de\u0219eurilor bazat pe aspirare prin recunoa\u0219tere vizual\u0103 cu ajutorul unui sistem robotizat mobil autonom, Univ. Tehnic\u0103 din Cluj-Napoca se va concentra pe problematica sort\u0103rii inteligente a de\u0219eurilor solide, iar Inst. de Mecanica Solidelor va aborda tematica alternativ\u0103 aspir\u0103rii, \u0219i anume a apuc\u0103rii de\u0219eurilor solide prin intermediul unui sistem de prehensiune comandat cu ajutorul unui program specializat de recunoa\u0219tere a acestora.<\/p>\n<p>Nu \u00een ultimul r\u00e2nd, proiectul complex urm\u0103re\u0219te \u00eent\u0103rirea capacit\u0103\u021bii institu\u021bionale printr-un program de cecuri, precum \u0219i transferul rezultatelor c\u0103tre entit\u0103\u021bi de produc\u021bie specializate \u0219i c\u0103tre utilizatorii finali.<\/p>\n<p>Proiectul complex SIRAMAND este finan\u021bat printr-un proiect al Ministerului Cercet\u0103rii \u0219i Inov\u0103rii din Rom\u00e2nia,\u00a0 CCCDI \u2013 UEFISCDI, num\u0103r proiect PN-III-P1-1.2-PCCDI-2017-0086 \/ contract 22PCCDI\/ 2018, \u00een cadrul PNCDI III.<\/p>\n<p>&nbsp;<\/p>\n<p><strong>Obiective generale <\/strong><\/p>\n<p><strong>\u00a0<\/strong><\/p>\n<p>Obiectivul general al proiectului SIRAMAND este de a crea un consor\u021biu de cercetare la nivel na\u021bional, cu expertiz\u0103 \u00een domeniul colect\u0103rii robotizate a de\u0219eurilor din spa\u021bii publice \u0219i sort\u0103rii acestora, ca parte a digitaliz\u0103rii \u0219i robotiz\u0103rii prefigurate pentru ora\u0219ele inteligente.<\/p>\n<p>&nbsp;<\/p>\n<p style=\"font-weight: 400;\">Proiectul complex SIRAMAND este realizat de un consor\u021biu format din:<\/p>\n<ol>\n<li style=\"font-weight: 400;\">Institu\u021bia coordonatoare IC: Institutul Na\u0163ional de Cercetare Dezvoltare pentru Mecatronic\u0103 \u015fi Tehnica M\u0103sur\u0103rii &#8211; INCDMTM Bucure\u0219ti<\/li>\n<\/ol>\n<p style=\"font-weight: 400;\">Director proiect complex\/ Director proiect component 1: Dr. Ing. Mihai M\u0103rg\u0103ritescu<\/p>\n<ol start=\"2\">\n<li style=\"font-weight: 400;\">Partener P1: Universitatea Tehnic\u0103 din Cluj-Napoca<\/li>\n<\/ol>\n<p style=\"font-weight: 400;\">Responsabil P1\/ Director proiect component 2: Prof. Dr. Ing. Cornel Bri\u0219an<\/p>\n<ol start=\"3\">\n<li style=\"font-weight: 400;\">Partener P2: Institutul de Mecanica Solidelor al Academiei Rom\u00e2ne<\/li>\n<\/ol>\n<p style=\"font-weight: 400;\">Responsabil P2\/ Director proiect component 3: Dr. Ing. Dan Dumitriu<\/p>\n","protected":false},"excerpt":{"rendered":"<p>PROIECT COMPLEX SIRAMAND SISTEME ROBOTICE AUTONOME PENTRU MANAGEMENTUL DE\u0218EURILOR \u00ceN CONTEXTUL ORA\u0218ULUI INTELIGENT &#8211; SIRAMAND \u00a0 Prezentare \u00a0 Scopul proiectului complex este de a consolida competen\u021bele \u0219tiin\u021bifice, tehnice \u0219i abilit\u0103\u021bile de colaborare deja existente \u00eentre partenerii consor\u021biului provenind din medii<\/p>\n","protected":false},"author":1,"featured_media":0,"parent":0,"menu_order":0,"comment_status":"closed","ping_status":"closed","template":"","meta":[],"_links":{"self":[{"href":"https:\/\/incdmtm.ro\/siramand\/wp-json\/wp\/v2\/pages\/169"}],"collection":[{"href":"https:\/\/incdmtm.ro\/siramand\/wp-json\/wp\/v2\/pages"}],"about":[{"href":"https:\/\/incdmtm.ro\/siramand\/wp-json\/wp\/v2\/types\/page"}],"author":[{"embeddable":true,"href":"https:\/\/incdmtm.ro\/siramand\/wp-json\/wp\/v2\/users\/1"}],"replies":[{"embeddable":true,"href":"https:\/\/incdmtm.ro\/siramand\/wp-json\/wp\/v2\/comments?post=169"}],"version-history":[{"count":3,"href":"https:\/\/incdmtm.ro\/siramand\/wp-json\/wp\/v2\/pages\/169\/revisions"}],"predecessor-version":[{"id":178,"href":"https:\/\/incdmtm.ro\/siramand\/wp-json\/wp\/v2\/pages\/169\/revisions\/178"}],"wp:attachment":[{"href":"https:\/\/incdmtm.ro\/siramand\/wp-json\/wp\/v2\/media?parent=169"}],"curies":[{"name":"wp","href":"https:\/\/api.w.org\/{rel}","templated":true}]}}