{"id":27,"date":"2017-12-06T13:59:02","date_gmt":"2017-12-06T13:59:02","guid":{"rendered":"http:\/\/www.incdmtm.ro\/hexagent\/?page_id=27"},"modified":"2018-11-29T11:54:34","modified_gmt":"2018-11-29T11:54:34","slug":"rezultate-asteptate","status":"publish","type":"page","link":"https:\/\/incdmtm.ro\/siramand\/rezultate-asteptate\/","title":{"rendered":"Rezultate asteptate"},"content":{"rendered":"<h3 style=\"text-align: center;\">SISTEME ROBOTICE AUTONOME PENTRU MANAGEMENTUL DE\u0218EURILOR \u00ceN CONTEXTUL ORA\u0218ULUI INTELIGENT \u2013 SIRAMAND<\/h3>\n<p>&nbsp;<\/p>\n<ul>\n<li>Realizarea unor sisteme robotice autonome pentru colectarea selectiv\u0103 a de\u0219eurilor \u00een spa\u021bii<br \/>\npublice \u0219i sortarea automat\u0103 a acestora \u00een sta\u021bii de reciclare.<\/li>\n<li>Dezvoltarea unei agende comune de cercetare \u00eentre Institutul Na\u021bional de Cercetare Dezvoltare<br \/>\npentru Mecatronic\u0103 \u0219i Tehnica M\u0103sur\u0103rii, Universitatea Tehnic\u0103 din Cluj-Napoca \u0219i Institutul de<br \/>\nMecanica Solidelor &#8211; AR.<\/li>\n<li>\u00cent\u0103rirea colectivelor de cercetare prin angajarea de cercet\u0103tori cu calific\u0103ri \u00een domenii de<br \/>\nperspectiv\u0103, cum ar fi cel al inteligen\u021bei artificiale.<\/li>\n<\/ul>\n","protected":false},"excerpt":{"rendered":"<p>SISTEME ROBOTICE AUTONOME PENTRU MANAGEMENTUL DE\u0218EURILOR \u00ceN CONTEXTUL ORA\u0218ULUI INTELIGENT \u2013 SIRAMAND &nbsp; Realizarea unor sisteme robotice autonome pentru colectarea selectiv\u0103 a de\u0219eurilor \u00een spa\u021bii publice \u0219i sortarea automat\u0103 a acestora \u00een sta\u021bii de reciclare. Dezvoltarea unei agende comune de<\/p>\n","protected":false},"author":1,"featured_media":0,"parent":0,"menu_order":0,"comment_status":"closed","ping_status":"closed","template":"","meta":[],"_links":{"self":[{"href":"https:\/\/incdmtm.ro\/siramand\/wp-json\/wp\/v2\/pages\/27"}],"collection":[{"href":"https:\/\/incdmtm.ro\/siramand\/wp-json\/wp\/v2\/pages"}],"about":[{"href":"https:\/\/incdmtm.ro\/siramand\/wp-json\/wp\/v2\/types\/page"}],"author":[{"embeddable":true,"href":"https:\/\/incdmtm.ro\/siramand\/wp-json\/wp\/v2\/users\/1"}],"replies":[{"embeddable":true,"href":"https:\/\/incdmtm.ro\/siramand\/wp-json\/wp\/v2\/comments?post=27"}],"version-history":[{"count":4,"href":"https:\/\/incdmtm.ro\/siramand\/wp-json\/wp\/v2\/pages\/27\/revisions"}],"predecessor-version":[{"id":128,"href":"https:\/\/incdmtm.ro\/siramand\/wp-json\/wp\/v2\/pages\/27\/revisions\/128"}],"wp:attachment":[{"href":"https:\/\/incdmtm.ro\/siramand\/wp-json\/wp\/v2\/media?parent=27"}],"curies":[{"name":"wp","href":"https:\/\/api.w.org\/{rel}","templated":true}]}}